{"id":317,"date":"2024-05-10T17:57:01","date_gmt":"2024-05-10T17:57:01","guid":{"rendered":"https:\/\/ligocharge.ir\/?page_id=317"},"modified":"2024-07-16T15:33:27","modified_gmt":"2024-07-16T15:33:27","slug":"contenidos-archivo","status":"publish","type":"page","link":"https:\/\/rie.education\/?page_id=317","title":{"rendered":"Contenidos Archivo"},"content":{"rendered":"\t\t<div data-elementor-type=\"wp-page\" data-elementor-id=\"317\" class=\"elementor elementor-317\" data-elementor-post-type=\"page\">\n\t\t\t\t<div class=\"elementor-element elementor-element-dee5f44 e-flex e-con-boxed e-con e-parent\" data-id=\"dee5f44\" data-element_type=\"container\" data-core-v316-plus=\"true\">\n\t\t\t\t\t<div class=\"e-con-inner\">\n\t\t\t\t<div class=\"elementor-element elementor-element-aa1b8c3 elementor-widget elementor-widget-heading\" data-id=\"aa1b8c3\" data-element_type=\"widget\" data-widget_type=\"heading.default\">\n\t\t\t\t<div class=\"elementor-widget-container\">\n\t\t\t<style>\/*! elementor - v3.20.0 - 26-03-2024 *\/\n.elementor-heading-title{padding:0;margin:0;line-height:1}.elementor-widget-heading .elementor-heading-title[class*=elementor-size-]>a{color:inherit;font-size:inherit;line-height:inherit}.elementor-widget-heading .elementor-heading-title.elementor-size-small{font-size:15px}.elementor-widget-heading .elementor-heading-title.elementor-size-medium{font-size:19px}.elementor-widget-heading .elementor-heading-title.elementor-size-large{font-size:29px}.elementor-widget-heading .elementor-heading-title.elementor-size-xl{font-size:39px}.elementor-widget-heading .elementor-heading-title.elementor-size-xxl{font-size:59px}<\/style><h2 class=\"elementor-heading-title elementor-size-default\">Contenidos Archivo<\/h2>\t\t<\/div>\n\t\t\t\t<\/div>\n\t\t\t\t\t<\/div>\n\t\t\t\t<\/div>\n\t\t<div class=\"elementor-element elementor-element-818d777 e-flex e-con-boxed e-con e-parent\" data-id=\"818d777\" data-element_type=\"container\" data-core-v316-plus=\"true\">\n\t\t\t\t\t<div class=\"e-con-inner\">\n\t\t<div class=\"elementor-element elementor-element-3eec1b1 e-con-full e-flex e-con e-child\" data-id=\"3eec1b1\" data-element_type=\"container\">\n\t\t\t\t<\/div>\n\t\t<div class=\"elementor-element elementor-element-6c22c51 e-flex e-con-boxed e-con e-child\" data-id=\"6c22c51\" data-element_type=\"container\">\n\t\t\t\t\t<div class=\"e-con-inner\">\n\t\t\t\t<div class=\"elementor-element elementor-element-6a3a3df elementor-drop-cap-yes elementor-drop-cap-view-default elementor-widget elementor-widget-text-editor\" data-id=\"6a3a3df\" data-element_type=\"widget\" data-settings=\"{&quot;drop_cap&quot;:&quot;yes&quot;}\" data-widget_type=\"text-editor.default\">\n\t\t\t\t<div class=\"elementor-widget-container\">\n\t\t\t<style>\/*! elementor - v3.20.0 - 26-03-2024 *\/\n.elementor-widget-text-editor.elementor-drop-cap-view-stacked .elementor-drop-cap{background-color:#69727d;color:#fff}.elementor-widget-text-editor.elementor-drop-cap-view-framed .elementor-drop-cap{color:#69727d;border:3px solid;background-color:transparent}.elementor-widget-text-editor:not(.elementor-drop-cap-view-default) .elementor-drop-cap{margin-top:8px}.elementor-widget-text-editor:not(.elementor-drop-cap-view-default) .elementor-drop-cap-letter{width:1em;height:1em}.elementor-widget-text-editor .elementor-drop-cap{float:left;text-align:center;line-height:1;font-size:50px}.elementor-widget-text-editor .elementor-drop-cap-letter{display:inline-block}<\/style>\t\t\t\t<span style=\"color: #ffffff;\">Les invitamos a que propongan o sugieran; Libros, Documentos, Videos, Pel\u00edculas y Documentales para que sean incluidos en este archivo, Cont\u00e1ctanos y m\u00e1ndanos el enlace a nuestros correos electr\u00f3nicos<\/span>\t\t\t\t\t\t<\/div>\n\t\t\t\t<\/div>\n\t\t\t\t<div class=\"elementor-element elementor-element-b423014 elementor-widget elementor-widget-html\" data-id=\"b423014\" data-element_type=\"widget\" data-widget_type=\"html.default\">\n\t\t\t\t<div class=\"elementor-widget-container\">\n\t\t\t<nav class=\"nav\" role=\"navigation\">\n  <ul class=\"nav__list\">\n      <li><a href=\"https:\/\/dl.rie.education\/REI\/Victor\/LECTURAS RECOMENDADAS.pdf\">LECTURAS RECOMENDADAS<\/a><\/li>\n<li>\n  <input id=\"group-1\" type=\"checkbox\" hidden \/>\n  <label for=\"group-1\"><span class=\"fa fa-angle-right\"><\/span>AUDIO VISUALES RECOMENDADOS<\/label>\n  <ul class=\"group-list\">\n    <li><a href=\"https:\/\/flippityflop.wistia.com\/medias\/3nmrzrsjr2?wvideo=3nmrzrsjr2\">En busca de la verdad<\/a><\/li>\n  <\/ul>\n<\/li>\n  <\/ul>\n<\/nav>\n\n\t\t<\/div>\n\t\t\t\t<\/div>\n\t\t\t\t\t<\/div>\n\t\t\t\t<\/div>\n\t\t\t\t\t<\/div>\n\t\t\t\t<\/div>\n\t\t\t\t<\/div>\n\t\t","protected":false},"excerpt":{"rendered":"<p>Contenidos Archivo Les invitamos a que propongan o sugieran; Libros, Documentos, Videos, Pel\u00edculas y Documentales para que sean incluidos en este archivo, Cont\u00e1ctanos y m\u00e1ndanos el enlace a nuestros correos electr\u00f3nicos LECTURAS RECOMENDADAS AUDIO VISUALES RECOMENDADOS En busca de la verdad<\/p>\n","protected":false},"author":1,"featured_media":0,"parent":0,"menu_order":0,"comment_status":"closed","ping_status":"closed","template":"","meta":{"footnotes":""},"class_list":["post-317","page","type-page","status-publish","hentry"],"_links":{"self":[{"href":"https:\/\/rie.education\/index.php?rest_route=\/wp\/v2\/pages\/317","targetHints":{"allow":["GET"]}}],"collection":[{"href":"https:\/\/rie.education\/index.php?rest_route=\/wp\/v2\/pages"}],"about":[{"href":"https:\/\/rie.education\/index.php?rest_route=\/wp\/v2\/types\/page"}],"author":[{"embeddable":true,"href":"https:\/\/rie.education\/index.php?rest_route=\/wp\/v2\/users\/1"}],"replies":[{"embeddable":true,"href":"https:\/\/rie.education\/index.php?rest_route=%2Fwp%2Fv2%2Fcomments&post=317"}],"version-history":[{"count":47,"href":"https:\/\/rie.education\/index.php?rest_route=\/wp\/v2\/pages\/317\/revisions"}],"predecessor-version":[{"id":518,"href":"https:\/\/rie.education\/index.php?rest_route=\/wp\/v2\/pages\/317\/revisions\/518"}],"wp:attachment":[{"href":"https:\/\/rie.education\/index.php?rest_route=%2Fwp%2Fv2%2Fmedia&parent=317"}],"curies":[{"name":"wp","href":"https:\/\/api.w.org\/{rel}","templated":true}]}}