{"id":311,"date":"2024-05-10T17:35:41","date_gmt":"2024-05-10T17:35:41","guid":{"rendered":"https:\/\/ligocharge.ir\/?page_id=311"},"modified":"2024-12-06T11:08:13","modified_gmt":"2024-12-06T11:08:13","slug":"networks","status":"publish","type":"page","link":"https:\/\/rie.education\/?page_id=311","title":{"rendered":"Redes"},"content":{"rendered":"\t\t<div data-elementor-type=\"wp-page\" data-elementor-id=\"311\" class=\"elementor elementor-311\" data-elementor-post-type=\"page\">\n\t\t\t\t<div class=\"elementor-element elementor-element-eeb6462 e-flex e-con-boxed e-con e-parent\" data-id=\"eeb6462\" data-element_type=\"container\" data-core-v316-plus=\"true\">\n\t\t\t\t\t<div class=\"e-con-inner\">\n\t\t\t\t<div class=\"elementor-element elementor-element-96c3996 elementor-widget elementor-widget-heading\" data-id=\"96c3996\" data-element_type=\"widget\" data-widget_type=\"heading.default\">\n\t\t\t\t<div class=\"elementor-widget-container\">\n\t\t\t<style>\/*! elementor - v3.20.0 - 26-03-2024 *\/\n.elementor-heading-title{padding:0;margin:0;line-height:1}.elementor-widget-heading .elementor-heading-title[class*=elementor-size-]>a{color:inherit;font-size:inherit;line-height:inherit}.elementor-widget-heading .elementor-heading-title.elementor-size-small{font-size:15px}.elementor-widget-heading .elementor-heading-title.elementor-size-medium{font-size:19px}.elementor-widget-heading .elementor-heading-title.elementor-size-large{font-size:29px}.elementor-widget-heading .elementor-heading-title.elementor-size-xl{font-size:39px}.elementor-widget-heading .elementor-heading-title.elementor-size-xxl{font-size:59px}<\/style><h2 class=\"elementor-heading-title elementor-size-default\">Redes<\/h2>\t\t<\/div>\n\t\t\t\t<\/div>\n\t\t\t\t\t<\/div>\n\t\t\t\t<\/div>\n\t\t<div class=\"elementor-element elementor-element-89551fe e-flex e-con-boxed e-con e-parent\" data-id=\"89551fe\" data-element_type=\"container\" data-core-v316-plus=\"true\">\n\t\t\t\t\t<div class=\"e-con-inner\">\n\t\t<div class=\"elementor-element elementor-element-c6ce72e e-con-full e-flex e-con e-child\" data-id=\"c6ce72e\" data-element_type=\"container\">\n\t\t\t\t<\/div>\n\t\t<div class=\"elementor-element elementor-element-53f6491 e-flex e-con-boxed e-con e-child\" data-id=\"53f6491\" data-element_type=\"container\">\n\t\t\t\t\t<div class=\"e-con-inner\">\n\t\t\t\t<div class=\"elementor-element elementor-element-255df75 elementor-widget elementor-widget-html\" data-id=\"255df75\" data-element_type=\"widget\" data-widget_type=\"html.default\">\n\t\t\t\t<div class=\"elementor-widget-container\">\n\t\t\t<nav class=\"nav\" role=\"navigation\">\n  <ul class=\"nav__list\">\n    <li><a href=\"https:\/\/dl.rie.education\/REI\/Victor\/Redes\/UNHU 0 \u2010 Hecho con Clipchamp.mp4\">UNHU 0<\/a><\/li>\n    <li><a href=\"https:\/\/dl.rie.education\/REI\/Victor\/Redes\/UN HU 1 por los conductos \u2010 Hecho con Clipchamp.mp4\">UN HU 1 por los conductos<\/a><\/li>\n    <li><a href=\"https:\/\/dl.rie.education\/REI\/Victor\/Redes\/UNHU 2 Depende de cada qui\u00e9n \u2010 Hecho con Clipchamp.mp4\">UNHU 2 Depende de cada qui\u00e9n<\/a><\/li>\n    <li><a href=\"https:\/\/dl.rie.education\/REI\/Victor\/Redes\/UN HU 3 Necesitamos \u2010 Hecho con Clipchamp.mp4\">UN HU 3 Necesitamos<\/a><\/li>\n    <li><a href=\"https:\/\/dl.rie.education\/REI\/Victor\/Redes\/UN HU 3 A Necesitamos \u2010 Hecho con Clipchamp.mp4\">UN HU 3 A Necesitamos<\/a><\/li>\n    <li><a href=\"https:\/\/dl.rie.education\/REI\/Victor\/Redes\/UN HU 4 No m\u00e1s la tradici\u00f3n \u2010 Hecho con Clipchamp.mp4\">UN HU 4 No m\u00e1s la tradici\u00f3n<\/a><\/li>\n    <li><a href=\"https:\/\/dl.rie.education\/REI\/Victor\/Redes\/UN HU 5 (Ef) Vengo al reencuentro \u2010 Hecho con Clipchamp.mp4\">UN HU 5 (Ef) Vengo al reencuentro<\/a><\/li>\n    <li><a href=\"https:\/\/dl.rie.education\/REI\/Victor\/Redes\/UN HU 6 Organicemos la Un Hu \u2010 Hecho con Clipchamp.mp4\">UN HU 6 Organicemos la Un Hu<\/a><\/li>\n    <li><a href=\"https:\/\/dl.rie.education\/REI\/Victor\/Redes\/UN HU 6 A Organicemos la UN HU. \u2010 Hecho con Clipchamp.mp4\">UN HU 6 A Organicemos la UN HU.<\/a><\/li>\n    <li><a href=\"https:\/\/dl.rie.education\/REI\/Victor\/Redes\/UN HU 7 Propongo como enlace \u2010 Hecho con Clipchamp.mp4\">UN HU 7 Propongo como enlace<\/a><\/li>\n    <li><a href=\"https:\/\/dl.rie.education\/REI\/Victor\/Redes\/UN HU 8 Ac\u00e9rquence \u2010 Hecho con Clipchamp.mp4\">UN HU 8 Ac\u00e9rquence <\/a><\/li>\n    <li><a href=\"https:\/\/dl.rie.education\/REI\/Victor\/Redes\/UN HU 9 Propaguemos \u2010 Hecho con Clipchamp.mp4\">UN HU 9 Propaguemos <\/a><\/li>\n    <li><a href=\"https:\/\/dl.rie.education\/REI\/Victor\/Redes\/UN HU 10 Aclamemos con vigor \u2010 Hecho con Clipchamp.mp4\">UN HU 10 Aclamemos con vigor<\/a><\/li>\n    <li><a href=\"https:\/\/dl.rie.education\/REI\/Victor\/Redes\/UN HU 11 Seamos maestras o maestros \u2010 Hecho con Clipchamp.mp4\">UN HU 11 Seamos maestras o maestros<\/a><\/li>\n    <li><a href=\"https:\/\/dl.rie.education\/REI\/Victor\/Redes\/UN_HU_12_Los_pensamientos_y_las_imaginaciones_\u2010_Hecho_con_Clipchamp.mp4\">UN HU 12 Los pensamientos y las imaginaciones<\/a><\/li>\n    <li><a href=\"https:\/\/dl.rie.education\/REI\/Victor\/Redes\/UN HU 13 Profesamos la Educaci\u00f3n \u2010 Hecho con Clipchamp.mp4\">UN HU 13 Profesamos la Educaci\u00f3n<\/a><\/li>\n    <li><a href=\"https:\/\/dl.rie.education\/REI\/Victor\/Redes\/UN HU 14  \u00bfA qu\u00e9 venimos_ \u2010 Hecho con Clipchamp.mp4\">UN HU 14  \u00bfA qu\u00e9 venimos<\/a><\/li>\n    <li><a href=\"https:\/\/dl.rie.education\/REI\/Victor\/Redes\/UN HU 15 \u00bfHasta que la Humanidad \u2010 Hecho con Clipchamp.mp4\">UN HU 15 Consciente del potencial<\/a><\/li>\n    <li><a href=\"https:\/\/dl.rie.education\/REI\/Victor\/Redes\/UN HU 16 Hasta que la humanidad \u2010 Hecho con Clipchamp.mp4\">UN HU 16 Hasta que la humanidad<\/a><\/li>\n    <li><a href=\"https:\/\/dl.rie.education\/REI\/Victor\/Redes\/UN HU 17 Ya estamos hartos \u2010 Hecho con Clipchamp.mp4\">UN HU 17 Ya estamos hartos<\/a><\/li>\n    <li><a href=\"https:\/\/dl.rie.education\/REI\/Victor\/Redes\/UN HU 18 Actuemos \u2010 Hecho con Clipchamp.mp4\">UN HU 18 Actuemos<\/a><\/li>\n    <li><a href=\"https:\/\/dl.rie.education\/REI\/Victor\/Redes\/UNHU 19 Acordemos propagar \u2010 Hecho con Clipchamp.mp4\">UN HU 19 Acordemos propagar<\/a><\/li>\n  <\/ul>\n<\/nav>\n\n\t\t<\/div>\n\t\t\t\t<\/div>\n\t\t\t\t\t<\/div>\n\t\t\t\t<\/div>\n\t\t\t\t\t<\/div>\n\t\t\t\t<\/div>\n\t\t\t\t<\/div>\n\t\t","protected":false},"excerpt":{"rendered":"<p>Redes UNHU 0 UN HU 1 por los conductos UNHU 2 Depende de cada qui\u00e9n UN HU 3 Necesitamos UN HU 3 A Necesitamos UN HU 4 No m\u00e1s la tradici\u00f3n UN HU 5 (Ef) Vengo al reencuentro UN HU 6 Organicemos la Un Hu UN HU 6 A Organicemos la UN HU. UN HU&#8230;<\/p>\n","protected":false},"author":1,"featured_media":0,"parent":0,"menu_order":0,"comment_status":"closed","ping_status":"closed","template":"","meta":{"footnotes":""},"class_list":["post-311","page","type-page","status-publish","hentry"],"_links":{"self":[{"href":"https:\/\/rie.education\/index.php?rest_route=\/wp\/v2\/pages\/311","targetHints":{"allow":["GET"]}}],"collection":[{"href":"https:\/\/rie.education\/index.php?rest_route=\/wp\/v2\/pages"}],"about":[{"href":"https:\/\/rie.education\/index.php?rest_route=\/wp\/v2\/types\/page"}],"author":[{"embeddable":true,"href":"https:\/\/rie.education\/index.php?rest_route=\/wp\/v2\/users\/1"}],"replies":[{"embeddable":true,"href":"https:\/\/rie.education\/index.php?rest_route=%2Fwp%2Fv2%2Fcomments&post=311"}],"version-history":[{"count":17,"href":"https:\/\/rie.education\/index.php?rest_route=\/wp\/v2\/pages\/311\/revisions"}],"predecessor-version":[{"id":531,"href":"https:\/\/rie.education\/index.php?rest_route=\/wp\/v2\/pages\/311\/revisions\/531"}],"wp:attachment":[{"href":"https:\/\/rie.education\/index.php?rest_route=%2Fwp%2Fv2%2Fmedia&parent=311"}],"curies":[{"name":"wp","href":"https:\/\/api.w.org\/{rel}","templated":true}]}}