{"id":288,"date":"2024-05-10T16:43:13","date_gmt":"2024-05-10T16:43:13","guid":{"rendered":"https:\/\/ligocharge.ir\/?page_id=288"},"modified":"2024-06-07T14:53:05","modified_gmt":"2024-06-07T14:53:05","slug":"donations","status":"publish","type":"page","link":"https:\/\/rie.education\/?page_id=288","title":{"rendered":"Donaciones"},"content":{"rendered":"\t\t<div data-elementor-type=\"wp-page\" data-elementor-id=\"288\" class=\"elementor elementor-288\" data-elementor-post-type=\"page\">\n\t\t\t\t<div class=\"elementor-element elementor-element-eeb6462 e-flex e-con-boxed e-con e-parent\" data-id=\"eeb6462\" data-element_type=\"container\" data-core-v316-plus=\"true\">\n\t\t\t\t\t<div class=\"e-con-inner\">\n\t\t\t\t<div class=\"elementor-element elementor-element-96c3996 elementor-widget elementor-widget-heading\" data-id=\"96c3996\" data-element_type=\"widget\" data-widget_type=\"heading.default\">\n\t\t\t\t<div class=\"elementor-widget-container\">\n\t\t\t<style>\/*! elementor - v3.20.0 - 26-03-2024 *\/\n.elementor-heading-title{padding:0;margin:0;line-height:1}.elementor-widget-heading .elementor-heading-title[class*=elementor-size-]>a{color:inherit;font-size:inherit;line-height:inherit}.elementor-widget-heading .elementor-heading-title.elementor-size-small{font-size:15px}.elementor-widget-heading .elementor-heading-title.elementor-size-medium{font-size:19px}.elementor-widget-heading .elementor-heading-title.elementor-size-large{font-size:29px}.elementor-widget-heading .elementor-heading-title.elementor-size-xl{font-size:39px}.elementor-widget-heading .elementor-heading-title.elementor-size-xxl{font-size:59px}<\/style><h2 class=\"elementor-heading-title elementor-size-default\">Donaciones<\/h2>\t\t<\/div>\n\t\t\t\t<\/div>\n\t\t\t\t\t<\/div>\n\t\t\t\t<\/div>\n\t\t<div class=\"elementor-element elementor-element-8fef1b0 e-flex e-con-boxed e-con e-parent\" data-id=\"8fef1b0\" data-element_type=\"container\" data-core-v316-plus=\"true\">\n\t\t\t\t\t<div class=\"e-con-inner\">\n\t\t\t\t<div class=\"elementor-element elementor-element-9eba338 elementor-widget__width-initial elementor-widget elementor-widget-text-editor\" data-id=\"9eba338\" data-element_type=\"widget\" data-widget_type=\"text-editor.default\">\n\t\t\t\t<div class=\"elementor-widget-container\">\n\t\t\t<style>\/*! elementor - v3.20.0 - 26-03-2024 *\/\n.elementor-widget-text-editor.elementor-drop-cap-view-stacked .elementor-drop-cap{background-color:#69727d;color:#fff}.elementor-widget-text-editor.elementor-drop-cap-view-framed .elementor-drop-cap{color:#69727d;border:3px solid;background-color:transparent}.elementor-widget-text-editor:not(.elementor-drop-cap-view-default) .elementor-drop-cap{margin-top:8px}.elementor-widget-text-editor:not(.elementor-drop-cap-view-default) .elementor-drop-cap-letter{width:1em;height:1em}.elementor-widget-text-editor .elementor-drop-cap{float:left;text-align:center;line-height:1;font-size:50px}.elementor-widget-text-editor .elementor-drop-cap-letter{display:inline-block}<\/style>\t\t\t\tTodo depende del buen uso que se haga al dinero, con el fin de emprender buenas acciones.\nLas ponencias audio f\u00edlmicas, son para ser compartidas de forma gratuita y sin \u00e1nimo de lucro.\nLos dem\u00e1s contenidos de la Web: Libros, Folletos y Power Point\u2026Tienen como objetivo ampliar\nlas propuestas Re Evolutivas Educativas, a partir de la difusi\u00f3n promocional. Por lo tanto,\ndependemos del factor econ\u00f3mico para su viabilidad. Por ello solicitamos su colaboraci\u00f3n a\ntrav\u00e9s de donaciones monetarias\u2026 Abono en la siguiente cuenta bancaria:\nES63 1491 0001 24 2151384522&#8230; Entidad: Triodos Bank&#8230;BIC:TRIOESMMXXX.\n<br>\n<i class=\"fab fa-paypal\"><\/i><strong>PayPal<\/strong> Cuenta: <strong>vifelove58@hotmail.com<\/strong> y, Usuario: <strong>Victor Velasco<\/strong>\t\t\t\t\t\t<\/div>\n\t\t\t\t<\/div>\n\t\t\t\t\t<\/div>\n\t\t\t\t<\/div>\n\t\t\t\t<\/div>\n\t\t","protected":false},"excerpt":{"rendered":"<p>Donaciones Todo depende del buen uso que se haga al dinero, con el fin de emprender buenas acciones. Las ponencias audio f\u00edlmicas, son para ser compartidas de forma gratuita y sin \u00e1nimo de lucro. Los dem\u00e1s contenidos de la Web: Libros, Folletos y Power Point\u2026Tienen como objetivo ampliar las propuestas Re Evolutivas Educativas, a partir&#8230;<\/p>\n","protected":false},"author":1,"featured_media":0,"parent":0,"menu_order":0,"comment_status":"closed","ping_status":"closed","template":"","meta":{"footnotes":""},"class_list":["post-288","page","type-page","status-publish","hentry"],"_links":{"self":[{"href":"https:\/\/rie.education\/index.php?rest_route=\/wp\/v2\/pages\/288","targetHints":{"allow":["GET"]}}],"collection":[{"href":"https:\/\/rie.education\/index.php?rest_route=\/wp\/v2\/pages"}],"about":[{"href":"https:\/\/rie.education\/index.php?rest_route=\/wp\/v2\/types\/page"}],"author":[{"embeddable":true,"href":"https:\/\/rie.education\/index.php?rest_route=\/wp\/v2\/users\/1"}],"replies":[{"embeddable":true,"href":"https:\/\/rie.education\/index.php?rest_route=%2Fwp%2Fv2%2Fcomments&post=288"}],"version-history":[{"count":29,"href":"https:\/\/rie.education\/index.php?rest_route=\/wp\/v2\/pages\/288\/revisions"}],"predecessor-version":[{"id":496,"href":"https:\/\/rie.education\/index.php?rest_route=\/wp\/v2\/pages\/288\/revisions\/496"}],"wp:attachment":[{"href":"https:\/\/rie.education\/index.php?rest_route=%2Fwp%2Fv2%2Fmedia&parent=288"}],"curies":[{"name":"wp","href":"https:\/\/api.w.org\/{rel}","templated":true}]}}