{"id":267,"date":"2024-05-10T16:07:05","date_gmt":"2024-05-10T16:07:05","guid":{"rendered":"https:\/\/ligocharge.ir\/?page_id=267"},"modified":"2024-05-23T14:50:49","modified_gmt":"2024-05-23T14:50:49","slug":"why-are-we","status":"publish","type":"page","link":"https:\/\/rie.education\/?page_id=267","title":{"rendered":"\u00bfPorqu\u00e9 Somos?"},"content":{"rendered":"\t\t<div data-elementor-type=\"wp-page\" data-elementor-id=\"267\" class=\"elementor elementor-267\" data-elementor-post-type=\"page\">\n\t\t\t\t<div class=\"elementor-element elementor-element-eeb6462 e-flex e-con-boxed e-con e-parent\" data-id=\"eeb6462\" data-element_type=\"container\" data-core-v316-plus=\"true\">\n\t\t\t\t\t<div class=\"e-con-inner\">\n\t\t\t\t<div class=\"elementor-element elementor-element-96c3996 elementor-widget elementor-widget-heading\" data-id=\"96c3996\" data-element_type=\"widget\" data-widget_type=\"heading.default\">\n\t\t\t\t<div class=\"elementor-widget-container\">\n\t\t\t<style>\/*! elementor - v3.20.0 - 26-03-2024 *\/\n.elementor-heading-title{padding:0;margin:0;line-height:1}.elementor-widget-heading .elementor-heading-title[class*=elementor-size-]>a{color:inherit;font-size:inherit;line-height:inherit}.elementor-widget-heading .elementor-heading-title.elementor-size-small{font-size:15px}.elementor-widget-heading .elementor-heading-title.elementor-size-medium{font-size:19px}.elementor-widget-heading .elementor-heading-title.elementor-size-large{font-size:29px}.elementor-widget-heading .elementor-heading-title.elementor-size-xl{font-size:39px}.elementor-widget-heading .elementor-heading-title.elementor-size-xxl{font-size:59px}<\/style><h2 class=\"elementor-heading-title elementor-size-default\">\u00bfPorqu\u00e9 Somos?<\/h2>\t\t<\/div>\n\t\t\t\t<\/div>\n\t\t\t\t\t<\/div>\n\t\t\t\t<\/div>\n\t\t<div class=\"elementor-element elementor-element-8fef1b0 e-flex e-con-boxed e-con e-parent\" data-id=\"8fef1b0\" data-element_type=\"container\" data-core-v316-plus=\"true\">\n\t\t\t\t\t<div class=\"e-con-inner\">\n\t\t\t\t<div class=\"elementor-element elementor-element-9eba338 elementor-widget__width-initial elementor-widget elementor-widget-text-editor\" data-id=\"9eba338\" data-element_type=\"widget\" data-widget_type=\"text-editor.default\">\n\t\t\t\t<div class=\"elementor-widget-container\">\n\t\t\t<style>\/*! elementor - v3.20.0 - 26-03-2024 *\/\n.elementor-widget-text-editor.elementor-drop-cap-view-stacked .elementor-drop-cap{background-color:#69727d;color:#fff}.elementor-widget-text-editor.elementor-drop-cap-view-framed .elementor-drop-cap{color:#69727d;border:3px solid;background-color:transparent}.elementor-widget-text-editor:not(.elementor-drop-cap-view-default) .elementor-drop-cap{margin-top:8px}.elementor-widget-text-editor:not(.elementor-drop-cap-view-default) .elementor-drop-cap-letter{width:1em;height:1em}.elementor-widget-text-editor .elementor-drop-cap{float:left;text-align:center;line-height:1;font-size:50px}.elementor-widget-text-editor .elementor-drop-cap-letter{display:inline-block}<\/style>\t\t\t\t<p>Por qu\u00e9 somos parte de un todo omnipotente e universal. D\u00f3nde emanan energ\u00edas con<br \/>part\u00edculas de luz y materias originarias de elementos celestes, entrelazados a una red<br \/>c\u00f3smica. Es as\u00ed como se concentra en este planeta, esa unidad magn\u00e1nima que entreteje<br \/>la energ\u00eda de todo ente viviente que componen los reinos de la naturaleza.<br \/>Por qu\u00e9 en cada una\/o de nosotros\/as est\u00e1 la esencia de la vida creadora, ostentada<br \/>desde la potencialidad de la energ\u00eda, la voluntad y la seguridad individual, manifestada<br \/>en el desarrollo y el auge de la humanidad. Ah\u00ed d\u00f3nde se fertilizan las ra\u00edces del \u00e1rbol de<br \/>la existencia comunitaria y sus frutos de sabidur\u00eda, los que fructifican al sistema, al<br \/>ideario colectivo y a la escuela de la inteligencia humana.<br \/>Por qu\u00e9 es por medio de la educaci\u00f3n donde planeamos, ilustramos y transmitimos,<br \/>c\u00f3mo se encuentra y se maniobra el entendimiento que impulsa el conocimiento y la<br \/>comunicaci\u00f3n. Sea con fines constructivos y liberadores, o, con objetivos destructivos y<br \/>adoctrinadores. Por lo que la educaci\u00f3n es la pieza clave o fundamental para brindar<br \/>salud, o para contagiar enfermedad existencial. Punto de equilibrio o de desequilibrio<br \/>donde se sustenta la paz individual, social y mundial.<br \/>Por ello somos los que conscientemente nos dirigimos hacia donde germinan y fluyen<br \/>sufrimientos y miedos (el yo) que generan; pobreza, servidumbre, esclavitud, violencia,<br \/>discriminaci\u00f3n, mentira, maldad o las guerras. Con la finalidad de ayudar a finalizar, o,<br \/>liberarse de estos tiempos y espacios peligrosos y obscuros. Desde la ideolog\u00eda donde<br \/>surge y se forja el paradigma de un nuevo ciclo humano con compromiso generacional.<br \/>Por qu\u00e9 ya es la \u00e9poca de determinar y de transmitir que la educaci\u00f3n hol\u00edstica y el amor<br \/>incondicional, son los elixires de la vida que establecer\u00e1n, justicia, fraternidad y<br \/>solidaridad en el destino de la especie inteligente. S\u00ed, para obtener la insigne de seres<br \/>humanos, nos corresponde generar y concretar la unidad humana entrelazada por la<br \/><strong>Re Evoluci\u00f3n Internacional Educativa<\/strong>. Ya que precisamos de una ideolog\u00eda integradora<br \/>que resplandezca mentalidades y actitudes para que se concrete la anhelada libertad,<br \/>que defina el siguiente paso evolutivo. Reencontremos la esencia y el aprendizaje del<br \/>comprometido e impetuoso recorrido de las acciones emancipadoras que se forjaron<br \/>entre milenios, en s\u00ed colmadas de tentativas, propuestas y episodios que simbolizaron y<br \/>especificaron las luces y las sombras de nuestra historia.<br \/>Por qu\u00e9 somos y estamos en el aqu\u00ed y ahora del presente que moldea la realidad, en s\u00ed<br \/>siempre cambiante de acuerdo a los vaivenes de la existencia. Florece esta p\u00e1gina web<br \/>compuesta por el contenido de libros, folletos, presentaciones de power point, videos y<br \/>pel\u00edculas. Conectados a la difusi\u00f3n promocional en redes. As\u00ed prevalecer\u00e1 la insignia<br \/>Educativa; resguardada por los emblemas: amor, empat\u00eda, respeto, uni\u00f3n, compartir.<br \/>Est\u00e1 propuesta pretende ser un acceso a la justicia humana, motivada y procedida por<br \/>la represi\u00f3n y, la contracci\u00f3n del activismo social, la confrontaci\u00f3n entre etiquetas<br \/>ideol\u00f3gicas, la negaci\u00f3n de pluralidad geo cultural y la indigna realidad. La informaci\u00f3n<br \/>que conlleva y auxilia la web, es para contrastarla, ya que debemos dudar y crear en<br \/>busca de la verdad, para consolidar un mundo humanizado por la paz y la armon\u00eda.<\/p>\t\t\t\t\t\t<\/div>\n\t\t\t\t<\/div>\n\t\t\t\t\t<\/div>\n\t\t\t\t<\/div>\n\t\t\t\t<\/div>\n\t\t","protected":false},"excerpt":{"rendered":"<p>\u00bfPorqu\u00e9 Somos? Por qu\u00e9 somos parte de un todo omnipotente e universal. D\u00f3nde emanan energ\u00edas conpart\u00edculas de luz y materias originarias de elementos celestes, entrelazados a una redc\u00f3smica. Es as\u00ed como se concentra en este planeta, esa unidad magn\u00e1nima que entretejela energ\u00eda de todo ente viviente que componen los reinos de la naturaleza.Por qu\u00e9 en&#8230;<\/p>\n","protected":false},"author":1,"featured_media":0,"parent":0,"menu_order":0,"comment_status":"closed","ping_status":"closed","template":"","meta":{"footnotes":""},"class_list":["post-267","page","type-page","status-publish","hentry"],"_links":{"self":[{"href":"https:\/\/rie.education\/index.php?rest_route=\/wp\/v2\/pages\/267","targetHints":{"allow":["GET"]}}],"collection":[{"href":"https:\/\/rie.education\/index.php?rest_route=\/wp\/v2\/pages"}],"about":[{"href":"https:\/\/rie.education\/index.php?rest_route=\/wp\/v2\/types\/page"}],"author":[{"embeddable":true,"href":"https:\/\/rie.education\/index.php?rest_route=\/wp\/v2\/users\/1"}],"replies":[{"embeddable":true,"href":"https:\/\/rie.education\/index.php?rest_route=%2Fwp%2Fv2%2Fcomments&post=267"}],"version-history":[{"count":26,"href":"https:\/\/rie.education\/index.php?rest_route=\/wp\/v2\/pages\/267\/revisions"}],"predecessor-version":[{"id":355,"href":"https:\/\/rie.education\/index.php?rest_route=\/wp\/v2\/pages\/267\/revisions\/355"}],"wp:attachment":[{"href":"https:\/\/rie.education\/index.php?rest_route=%2Fwp%2Fv2%2Fmedia&parent=267"}],"curies":[{"name":"wp","href":"https:\/\/api.w.org\/{rel}","templated":true}]}}