{"id":227,"date":"2024-04-19T13:34:17","date_gmt":"2024-04-19T13:34:17","guid":{"rendered":"https:\/\/ligocharge.ir\/?page_id=227"},"modified":"2024-07-16T15:31:05","modified_gmt":"2024-07-16T15:31:05","slug":"powerpoints-2","status":"publish","type":"page","link":"https:\/\/rie.education\/?page_id=227","title":{"rendered":"Power Points"},"content":{"rendered":"\t\t<div data-elementor-type=\"wp-page\" data-elementor-id=\"227\" class=\"elementor elementor-227\" data-elementor-post-type=\"page\">\n\t\t\t\t<div class=\"elementor-element elementor-element-dee5f44 e-flex e-con-boxed e-con e-parent\" data-id=\"dee5f44\" data-element_type=\"container\" data-core-v316-plus=\"true\">\n\t\t\t\t\t<div class=\"e-con-inner\">\n\t\t\t\t<div class=\"elementor-element elementor-element-aa1b8c3 elementor-widget elementor-widget-heading\" data-id=\"aa1b8c3\" data-element_type=\"widget\" data-widget_type=\"heading.default\">\n\t\t\t\t<div class=\"elementor-widget-container\">\n\t\t\t<style>\/*! elementor - v3.20.0 - 26-03-2024 *\/\n.elementor-heading-title{padding:0;margin:0;line-height:1}.elementor-widget-heading .elementor-heading-title[class*=elementor-size-]>a{color:inherit;font-size:inherit;line-height:inherit}.elementor-widget-heading .elementor-heading-title.elementor-size-small{font-size:15px}.elementor-widget-heading .elementor-heading-title.elementor-size-medium{font-size:19px}.elementor-widget-heading .elementor-heading-title.elementor-size-large{font-size:29px}.elementor-widget-heading .elementor-heading-title.elementor-size-xl{font-size:39px}.elementor-widget-heading .elementor-heading-title.elementor-size-xxl{font-size:59px}<\/style><h2 class=\"elementor-heading-title elementor-size-default\">Power Points<\/h2>\t\t<\/div>\n\t\t\t\t<\/div>\n\t\t\t\t\t<\/div>\n\t\t\t\t<\/div>\n\t\t<div class=\"elementor-element elementor-element-818d777 e-flex e-con-boxed e-con e-parent\" data-id=\"818d777\" data-element_type=\"container\" data-core-v316-plus=\"true\">\n\t\t\t\t\t<div class=\"e-con-inner\">\n\t\t<div class=\"elementor-element elementor-element-3eec1b1 e-con-full e-flex e-con e-child\" data-id=\"3eec1b1\" data-element_type=\"container\">\n\t\t\t\t<\/div>\n\t\t<div class=\"elementor-element elementor-element-6c22c51 e-flex e-con-boxed e-con e-child\" data-id=\"6c22c51\" data-element_type=\"container\">\n\t\t\t\t\t<div class=\"e-con-inner\">\n\t\t\t\t<div class=\"elementor-element elementor-element-b423014 elementor-widget elementor-widget-html\" data-id=\"b423014\" data-element_type=\"widget\" data-widget_type=\"html.default\">\n\t\t\t\t<div class=\"elementor-widget-container\">\n\t\t\t\n\n\n<nav class=\"nav\" role=\"navigation\">\n  <ul class=\"nav__list\">\n<li><a href=\"https:\/\/dl.rie.education\/REI\/Victor\/(4) Power Point P de E\/Power point 0  Asociaci\u00f3n Punto de Equilibrio.pdf\">0 Educaci\u00f3n<\/a><\/li>\n<li><a href=\"https:\/\/dl.rie.education\/REI\/Victor\/(4) Power Point P de E\/Power point 1  Asociaci\u00f3n Punto de Equilibrio.pdf\">1 Universo tierra y vida<\/a><\/li>\n<li><a href=\"https:\/\/dl.rie.education\/REI\/Victor\/(4) Power Point P de E\/Power point 2 Asociaci\u00f3n Punto de Equilibrio.pdf\">2 Intercambio de Conocimiento<\/a><\/li>\n<li><a href=\"https:\/\/dl.rie.education\/REI\/Victor\/(4) Power Point P de E\/Power point 3 Asociaci\u00f3n Punto de Equilibrio.pdf\">3 Re Evoluci\u00f3n Educativa<\/a><\/li>\n<li><a href=\"https:\/\/dl.rie.education\/REI\/Victor\/(4) Power Point P de E\/Power point 4 Asociaci\u00f3n Punto de Equilibrio.pdf\">4 Cambiar el Mundo<\/a><\/li>\n<li><a href=\"https:\/\/dl.rie.education\/REI\/Victor\/(4) Power Point P de E\/Power point 5 Asociaci\u00f3n Punto de Equilibrio.pdf\">5 Nueva Energ\u00eda<\/a><\/li>\n<li><a href=\"https:\/\/dl.rie.education\/REI\/Victor\/(4) Power Point P de E\/Power point 6 Asociaci\u00f3n Punto de Equilibrio.pdf\">6 Econom\u00eda Verde y Social<\/a><\/li>\n<li><a href=\"https:\/\/dl.rie.education\/REI\/Victor\/(4) Power Point P de E\/Power point 7 Asociaci\u00f3n Punto de Equilibrio.pdf\">7 Re Evoluci\u00f3n \u00a1Ya!<\/a><\/li>\n  <\/ul>\n<\/nav>\n\n\t\t<\/div>\n\t\t\t\t<\/div>\n\t\t\t\t\t<\/div>\n\t\t\t\t<\/div>\n\t\t\t\t\t<\/div>\n\t\t\t\t<\/div>\n\t\t\t\t<\/div>\n\t\t","protected":false},"excerpt":{"rendered":"<p>Power Points 0 Educaci\u00f3n 1 Universo tierra y vida 2 Intercambio de Conocimiento 3 Re Evoluci\u00f3n Educativa 4 Cambiar el Mundo 5 Nueva Energ\u00eda 6 Econom\u00eda Verde y Social 7 Re Evoluci\u00f3n \u00a1Ya!<\/p>\n","protected":false},"author":1,"featured_media":0,"parent":0,"menu_order":0,"comment_status":"closed","ping_status":"closed","template":"","meta":{"footnotes":""},"class_list":["post-227","page","type-page","status-publish","hentry"],"_links":{"self":[{"href":"https:\/\/rie.education\/index.php?rest_route=\/wp\/v2\/pages\/227","targetHints":{"allow":["GET"]}}],"collection":[{"href":"https:\/\/rie.education\/index.php?rest_route=\/wp\/v2\/pages"}],"about":[{"href":"https:\/\/rie.education\/index.php?rest_route=\/wp\/v2\/types\/page"}],"author":[{"embeddable":true,"href":"https:\/\/rie.education\/index.php?rest_route=\/wp\/v2\/users\/1"}],"replies":[{"embeddable":true,"href":"https:\/\/rie.education\/index.php?rest_route=%2Fwp%2Fv2%2Fcomments&post=227"}],"version-history":[{"count":11,"href":"https:\/\/rie.education\/index.php?rest_route=\/wp\/v2\/pages\/227\/revisions"}],"predecessor-version":[{"id":509,"href":"https:\/\/rie.education\/index.php?rest_route=\/wp\/v2\/pages\/227\/revisions\/509"}],"wp:attachment":[{"href":"https:\/\/rie.education\/index.php?rest_route=%2Fwp%2Fv2%2Fmedia&parent=227"}],"curies":[{"name":"wp","href":"https:\/\/api.w.org\/{rel}","templated":true}]}}