{"id":223,"date":"2024-04-19T13:33:25","date_gmt":"2024-04-19T13:33:25","guid":{"rendered":"https:\/\/ligocharge.ir\/?page_id=223"},"modified":"2024-07-16T15:32:02","modified_gmt":"2024-07-16T15:32:02","slug":"brochures","status":"publish","type":"page","link":"https:\/\/rie.education\/?page_id=223","title":{"rendered":"Folletos Libretas"},"content":{"rendered":"\t\t<div data-elementor-type=\"wp-page\" data-elementor-id=\"223\" class=\"elementor elementor-223\" data-elementor-post-type=\"page\">\n\t\t\t\t<div class=\"elementor-element elementor-element-dee5f44 e-flex e-con-boxed e-con e-parent\" data-id=\"dee5f44\" data-element_type=\"container\" data-core-v316-plus=\"true\">\n\t\t\t\t\t<div class=\"e-con-inner\">\n\t\t\t\t<div class=\"elementor-element elementor-element-aa1b8c3 elementor-widget elementor-widget-heading\" data-id=\"aa1b8c3\" data-element_type=\"widget\" data-widget_type=\"heading.default\">\n\t\t\t\t<div class=\"elementor-widget-container\">\n\t\t\t<style>\/*! elementor - v3.20.0 - 26-03-2024 *\/\n.elementor-heading-title{padding:0;margin:0;line-height:1}.elementor-widget-heading .elementor-heading-title[class*=elementor-size-]>a{color:inherit;font-size:inherit;line-height:inherit}.elementor-widget-heading .elementor-heading-title.elementor-size-small{font-size:15px}.elementor-widget-heading .elementor-heading-title.elementor-size-medium{font-size:19px}.elementor-widget-heading .elementor-heading-title.elementor-size-large{font-size:29px}.elementor-widget-heading .elementor-heading-title.elementor-size-xl{font-size:39px}.elementor-widget-heading .elementor-heading-title.elementor-size-xxl{font-size:59px}<\/style><h2 class=\"elementor-heading-title elementor-size-default\">Folletos Libretas<\/h2>\t\t<\/div>\n\t\t\t\t<\/div>\n\t\t\t\t\t<\/div>\n\t\t\t\t<\/div>\n\t\t<div class=\"elementor-element elementor-element-818d777 e-flex e-con-boxed e-con e-parent\" data-id=\"818d777\" data-element_type=\"container\" data-core-v316-plus=\"true\">\n\t\t\t\t\t<div class=\"e-con-inner\">\n\t\t<div class=\"elementor-element elementor-element-3eec1b1 e-con-full e-flex e-con e-child\" data-id=\"3eec1b1\" data-element_type=\"container\">\n\t\t\t\t<\/div>\n\t\t<div class=\"elementor-element elementor-element-6c22c51 e-flex e-con-boxed e-con e-child\" data-id=\"6c22c51\" data-element_type=\"container\">\n\t\t\t\t\t<div class=\"e-con-inner\">\n\t\t\t\t<div class=\"elementor-element elementor-element-b423014 elementor-widget elementor-widget-html\" data-id=\"b423014\" data-element_type=\"widget\" data-widget_type=\"html.default\">\n\t\t\t\t<div class=\"elementor-widget-container\">\n\t\t\t\n\n\n  <nav class=\"nav\" role=\"navigation\">\n    <ul class=\"nav__list\">\n<li>\n  <input id=\"group-1\" type=\"checkbox\" hidden \/>\n  <label for=\"group-1\"><span class=\"fa fa-angle-right\"><\/span>Folletos<\/label>\n  <ul class=\"group-list\">\n    <li><a href=\"https:\/\/dl.rie.education\/REI\/Victor\/(3) Folletos P de E\/1- Folleto Re Evoluci\u00f3n  - Acci\u00f3n- Frente a los callejones sin salida de las Revoluciones Armadas.pdf\">1- Re Evoluci\u00f3n  - Acci\u00f3n- Frente a los callejones sin salida de las Revoluciones Armadas<\/a><\/li>\n    <li><a href=\"https:\/\/dl.rie.education\/REI\/Victor\/(3) Folletos P de E\/2- Folleto Por qu\u00e9 una Re Evoluci\u00f3n Internacional Educativa.pdf\">2- Por qu\u00e9 una Re Evoluci\u00f3n Internacional Educativa<\/a><\/li>\n    <li><a href=\"https:\/\/dl.rie.education\/REI\/Victor\/(3) Folletos P de E\/3- Folleto Duda, Contrasta y Crea.pdf\">3- Duda, Contrasta y Crea<\/a><\/li>\n    <li><a href=\"https:\/\/dl.rie.education\/REI\/Victor\/(3) Folletos P de E\/4- Folleto Ya Basta de Injusticias.pdf\">4- Ya Basta de Injusticias<\/a><\/li>\n    <li><a href=\"https:\/\/dl.rie.education\/REI\/Victor\/(3) Folletos P de E\/5- Folleto Distribuyan la riqueza Basta de Pobreza.pdf\">5- Distribuyan la riqueza Basta de Pobreza<\/a><\/li>\n    <li><a href=\"https:\/\/dl.rie.education\/REI\/Victor\/(3) Folletos P de E\/6- Folleto Filosof\u00eda de vida- FELICIDAD-ISMO.pdf\">6- Filosof\u00eda de vida- FELICIDAD-ISMO<\/a><\/li>\n    <li><a href=\"https:\/\/dl.rie.education\/REI\/Victor\/(3) Folletos P de E\/7- Folleto Vicio y Virtud Holismo.pdf\">7- Vicio y Virtud Holismo<\/a><\/li>\n    <li><a href=\"https:\/\/dl.rie.education\/REI\/Victor\/(3) Folletos P de E\/8- Folleto Poder\u00edo al Amor.pdf\">8- Poder\u00edo al Amor<\/a><\/li>\n    <li><a href=\"https:\/\/dl.rie.education\/REI\/Victor\/(3) Folletos P de E\/9- Re Evoluci\u00f3n de Amor.pdf\">9- Re Evoluci\u00f3n de Amor<\/a><\/li>\n    <li><a href=\"https:\/\/dl.rie.education\/REI\/Victor\/(3) Folletos P de E\/10- Estatutos y fin de la Asociaci\u00f3n P de E.pdf\">10- Estatutos y fin de la Asociaci\u00f3n P de E<\/a><\/li>\n  <\/ul>\n<\/li>\n<li>\n  <input id=\"group-2\" type=\"checkbox\" hidden \/>\n  <label for=\"group-2\"><span class=\"fa fa-angle-right\"><\/span>Libretas<\/label>\n  <ul class=\"group-list\">\n    <li><a href=\"https:\/\/dl.rie.education\/REI\/Victor\/(3) Folletos P de E\/Libretillas (2)\/(0) Presentaci\u00f3n filosof\u00eda- Escuela de la vida.pdf\">(0) Presentaci\u00f3n filosof\u00eda- Escuela de la vida<\/a><\/li>\n    <li><a href=\"https:\/\/dl.rie.education\/REI\/Victor\/(3) Folletos P de E\/Libretillas (2)\/(000 Libreta- RIE-P de E- presente memoria la Marea B\u00e1sica 21-01-17.pdf\">(000 Libreta- RIE-P de E- presente memoria la Marea B\u00e1sica 21-01-17<\/a><\/li>\n  <\/ul>\n<\/li>\n<\/ul>\n  <\/nav>\n\n\t\t<\/div>\n\t\t\t\t<\/div>\n\t\t\t\t\t<\/div>\n\t\t\t\t<\/div>\n\t\t\t\t\t<\/div>\n\t\t\t\t<\/div>\n\t\t\t\t<\/div>\n\t\t","protected":false},"excerpt":{"rendered":"<p>Folletos Libretas Folletos 1- Re Evoluci\u00f3n &#8211; Acci\u00f3n- Frente a los callejones sin salida de las Revoluciones Armadas 2- Por qu\u00e9 una Re Evoluci\u00f3n Internacional Educativa 3- Duda, Contrasta y Crea 4- Ya Basta de Injusticias 5- Distribuyan la riqueza Basta de Pobreza 6- Filosof\u00eda de vida- FELICIDAD-ISMO 7- Vicio y Virtud Holismo 8- Poder\u00edo&#8230;<\/p>\n","protected":false},"author":1,"featured_media":0,"parent":0,"menu_order":0,"comment_status":"closed","ping_status":"closed","template":"","meta":{"footnotes":""},"class_list":["post-223","page","type-page","status-publish","hentry"],"_links":{"self":[{"href":"https:\/\/rie.education\/index.php?rest_route=\/wp\/v2\/pages\/223","targetHints":{"allow":["GET"]}}],"collection":[{"href":"https:\/\/rie.education\/index.php?rest_route=\/wp\/v2\/pages"}],"about":[{"href":"https:\/\/rie.education\/index.php?rest_route=\/wp\/v2\/types\/page"}],"author":[{"embeddable":true,"href":"https:\/\/rie.education\/index.php?rest_route=\/wp\/v2\/users\/1"}],"replies":[{"embeddable":true,"href":"https:\/\/rie.education\/index.php?rest_route=%2Fwp%2Fv2%2Fcomments&post=223"}],"version-history":[{"count":14,"href":"https:\/\/rie.education\/index.php?rest_route=\/wp\/v2\/pages\/223\/revisions"}],"predecessor-version":[{"id":512,"href":"https:\/\/rie.education\/index.php?rest_route=\/wp\/v2\/pages\/223\/revisions\/512"}],"wp:attachment":[{"href":"https:\/\/rie.education\/index.php?rest_route=%2Fwp%2Fv2%2Fmedia&parent=223"}],"curies":[{"name":"wp","href":"https:\/\/api.w.org\/{rel}","templated":true}]}}