{"id":214,"date":"2024-04-19T13:10:47","date_gmt":"2024-04-19T13:10:47","guid":{"rendered":"https:\/\/ligocharge.ir\/?page_id=214"},"modified":"2024-07-16T15:27:29","modified_gmt":"2024-07-16T15:27:29","slug":"powerpoints","status":"publish","type":"page","link":"https:\/\/rie.education\/?page_id=214","title":{"rendered":"Libros\u200b"},"content":{"rendered":"\t\t<div data-elementor-type=\"wp-page\" data-elementor-id=\"214\" class=\"elementor elementor-214\" data-elementor-post-type=\"page\">\n\t\t\t\t<div class=\"elementor-element elementor-element-dee5f44 e-flex e-con-boxed e-con e-parent\" data-id=\"dee5f44\" data-element_type=\"container\" data-core-v316-plus=\"true\">\n\t\t\t\t\t<div class=\"e-con-inner\">\n\t\t\t\t<div class=\"elementor-element elementor-element-aa1b8c3 elementor-widget elementor-widget-heading\" data-id=\"aa1b8c3\" data-element_type=\"widget\" data-widget_type=\"heading.default\">\n\t\t\t\t<div class=\"elementor-widget-container\">\n\t\t\t<style>\/*! elementor - v3.20.0 - 26-03-2024 *\/\n.elementor-heading-title{padding:0;margin:0;line-height:1}.elementor-widget-heading .elementor-heading-title[class*=elementor-size-]>a{color:inherit;font-size:inherit;line-height:inherit}.elementor-widget-heading .elementor-heading-title.elementor-size-small{font-size:15px}.elementor-widget-heading .elementor-heading-title.elementor-size-medium{font-size:19px}.elementor-widget-heading .elementor-heading-title.elementor-size-large{font-size:29px}.elementor-widget-heading .elementor-heading-title.elementor-size-xl{font-size:39px}.elementor-widget-heading .elementor-heading-title.elementor-size-xxl{font-size:59px}<\/style><h2 class=\"elementor-heading-title elementor-size-default\">Libros<\/h2>\t\t<\/div>\n\t\t\t\t<\/div>\n\t\t\t\t\t<\/div>\n\t\t\t\t<\/div>\n\t\t<div class=\"elementor-element elementor-element-818d777 e-flex e-con-boxed e-con e-parent\" data-id=\"818d777\" data-element_type=\"container\" data-core-v316-plus=\"true\">\n\t\t\t\t\t<div class=\"e-con-inner\">\n\t\t<div class=\"elementor-element elementor-element-3eec1b1 e-con-full e-flex e-con e-child\" data-id=\"3eec1b1\" data-element_type=\"container\">\n\t\t\t\t<\/div>\n\t\t<div class=\"elementor-element elementor-element-6c22c51 e-flex e-con-boxed e-con e-child\" data-id=\"6c22c51\" data-element_type=\"container\">\n\t\t\t\t\t<div class=\"e-con-inner\">\n\t\t\t\t<div class=\"elementor-element elementor-element-b423014 elementor-widget elementor-widget-html\" data-id=\"b423014\" data-element_type=\"widget\" data-widget_type=\"html.default\">\n\t\t\t\t<div class=\"elementor-widget-container\">\n\t\t\t<nav class=\"nav\" role=\"navigation\">\n  <ul class=\"nav__list\">\n    <li>\n      <input id=\"group-1\" type=\"checkbox\" hidden \/>\n      <label for=\"group-1\"><span class=\"fa fa-angle-right\"><\/span>4 LIBROS EN UN TOMO<\/label>\n      <ul class=\"group-list\">\n        <li>\n          <input id=\"group-b3\" type=\"checkbox\" hidden \/>\n          <label for=\"group-b3\"><span class=\"fa fa-angle-right\"><\/span>(1) Dialogo Interior<\/label>\n          <ul class=\"group-list\">\n            <li><a href=\"#group-b3\">(40 p\u00e1ginas)<\/a><\/li>\n            <li><a href=\"#group-b3\">Este es un ensayo que brota por el instinto animal, intelectual e Universal, y que subraya a la indignaci\u00f3n;\n    la que se rebela a valores creados y desarrollados por rapaces causantes de p\u00e1ginas plasmadas con sangre.\n    Y nace de la uni\u00f3n de la mente positiva y el coraz\u00f3n de luz, desde la afinidad de una idea de renovaci\u00f3n, al\n    plantearnos crear, el nuevo paradigma de un Sistema social-econ\u00f3mico-\u00e9tico. Instaurar el valor existencial\n    con humanismo, al fin de que comunitariamente humanicemos la producci\u00f3n y las necesidades b\u00e1sicas\u2026\n    \u00bfC\u00f3mo lo hacemos?<\/a><\/li>\n            <li><a href=\"https:\/\/dl.rie.education\/REI\/Victor\/(2) LIBROS RIE-VARIOS WEB-IMPRESI\u00d3N\/4 LIBROS EN UN TOMO\/(1) Dialogo Interior.pdf\">Ver libro<\/a><\/li>\n          <\/ul>\n        <\/li>\n        <li>\n          <input id=\"group-b4\" type=\"checkbox\" hidden \/>\n          <label for=\"group-b4\"><span class=\"fa fa-angle-right\"><\/span>(2) Espiral de UNIDADA HUMANA<\/label>\n          <ul class=\"group-list\">\n            <li><a href=\"#group-b4\">(48 p\u00e1ginas)<\/a><\/li>\n            <li><a href=\"#group-b4\">Tribu Humana: Un antrop\u00f3logo propuso un juego a los ni\u00f1os de una tribu africana. Coloc\u00f3 una canasta llena\n    de frutas a la sombra de un \u00e1rbol, despu\u00e9s alejo a los ni\u00f1os unos metros y les propuso que aquel que llegara\n    primero ganar\u00eda todos los frutos\u2026 Cuando dio la se\u00f1al de salida, todos los ni\u00f1os se tomaron de las manos y\n    corrieron juntos, llegando al un\u00edsono a la meta, despu\u00e9s se sentaron juntos a disfrutar del premio. Cuando\n    \u00e9l les pregunt\u00f3 porque hab\u00edan corrido as\u00ed, estos le respondieron es por Ubuntu. Significa que nosotros somos\n    un conjunto y as\u00ed uno solo no pod\u00eda ganar todos los frutos. \u00bfPor qu\u00e9 c\u00f3mo uno de nosotros podr\u00eda estar feliz,\n    si todos los dem\u00e1s estar\u00edan tristes?<\/a><\/li>\n            <li><a href=\"https:\/\/dl.rie.education\/REI\/Victor\/(2) LIBROS RIE-VARIOS WEB-IMPRESI\u00d3N\/4 LIBROS EN UN TOMO\/(2) Espiral de UNIDADA HUMANA.pdf\">Ver libro<\/a><\/li>\n          <\/ul>\n        <\/li>\n        <li>\n          <input id=\"group-b5\" type=\"checkbox\" hidden \/>\n          <label for=\"group-b5\"><span class=\"fa fa-angle-right\"><\/span>(3) La llave de la Evoluci\u00f3n<\/label>\n          <ul class=\"group-list\">\n            <li><a href=\"#group-b5\">(36 p\u00e1ginas)<\/a><\/li>\n            <li><a href=\"#group-b5\">Gentes del mundo Un\u00edos. Porque unidas y unidos somos el potencial de energ\u00eda para confeccionar y\n    consumar ese anhelado reseteo evolutivo\u2026 \u00bfNos rencontramos? \u00bfPor qu\u00e9 a qui\u00e9n le favorece el divide y\n    vencer\u00e1s? Estamos en contra del empobrecimiento deliberado. Hacia gentes y pueblos del Mundo. Por ello\n    proponemos redes solidarias. Y vigorizar la unidad humana. Por medio de la\u2026. Re evoluci\u00f3n Internacional\n    Educativa\u2026<\/a><\/li>\n            <li><a href=\"https:\/\/dl.rie.education\/REI\/Victor\/(2) LIBROS RIE-VARIOS WEB-IMPRESI\u00d3N\/4 LIBROS EN UN TOMO\/(3) La llave de la Evoluci\u00f3n.pdf\">Ver libro<\/a><\/li>\n          <\/ul>\n        <\/li>\n        <li>\n          <input id=\"group-b6\" type=\"checkbox\" hidden \/>\n          <label for=\"group-b6\"><span class=\"fa fa-angle-right\"><\/span>(4)  Magnetismo<\/label>\n          <ul class=\"group-list\">\n            <li><a href=\"#group-b6\">(32 p\u00e1ginas)<\/a><\/li>\n            <li><a href=\"#group-b6\">La unidad de la raza humana hacia el sistema inteligente que genere ciclos de amor. Simplemente con la\n    filosof\u00eda de vida. Llevando a la pr\u00e1ctica, el cumplimento de la Declaraci\u00f3n de los Derechos Humanos\n    Universales, y, los de la Carta de la Tierra.<br>\n    Desde la espiral de la hermandad solidaria\u2026al reencuentro y el redescubrimiento de la Educaci\u00f3n Hol\u00edstica,\n    desde el Amor incondicional.<\/a><\/li>\n            <li><a href=\"https:\/\/dl.rie.education\/REI\/Victor\/(2) LIBROS RIE-VARIOS WEB-IMPRESI\u00d3N\/4 LIBROS EN UN TOMO\/(4)  Magnetismo.pdf\">Ver libro<\/a><\/li>\n          <\/ul>\n        <\/li>\n        <li><a href=\"https:\/\/dl.rie.education\/REI\/Victor\/(2) LIBROS RIE-VARIOS WEB-IMPRESI\u00d3N\/4 LIBROS EN UN TOMO\/los 4 libros en 1 tomo.pdf\">los 4 libros en 1 tomo<\/a><\/li>\n      <\/ul>\n    <\/li>\n    <li>\n      <input id=\"group-b14\" type=\"checkbox\" hidden \/>\n      <label for=\"group-b14\"><span class=\"fa fa-angle-right\"><\/span>Blanco sobre Negro (2019)<\/label>\n      <ul class=\"group-list\">\n        <li><a href=\"#group-b14\">(24 p\u00e1ginas)<\/a><\/li>\n        <li><a href=\"#group-b14\">Oscuridad y Luz, ser\u00e1n elementos que se complementan entre espacios de claridad y sombra, donde\n          imaginaremos y materializamos nuestro existir y la potencialidad de sentidos e inteligencia, desde ah\u00ed\n          brotar\u00e1n las referencias a transmitir en la herencia generacional... Por ello existimos asociados a la vida y a\n          la expiraci\u00f3n, transfiriendo nuestro tiempo de aprendizaje y de ense\u00f1anza por y para las manifestaciones\n          entre individuos y la sociedad. Sea frecuencia o vibraci\u00f3n, sean acciones de Odio y Vicio, o de Virtud y\n          Bondad.<br>\n          Blanco sobre Negro, la blanca pureza de la inocencia marcar\u00e1 el inicio de la vida, en una hoja blanca que\n          realza al individuo con la tinta de la experiencia.<\/a><\/li>\n        <li><a href=\"https:\/\/dl.rie.education\/REI\/Victor\/(2) LIBROS RIE-VARIOS WEB-IMPRESI\u00d3N\/Libro Blanco sobre Negro (2019)\/Libro Blanco sobre Negro (2019) Web.pdf\">Ver libro<\/a><\/li>\n      <\/ul>\n    <\/li>\n    <li>\n      <input id=\"group-b11\" type=\"checkbox\" hidden \/>\n      <label for=\"group-b11\"><span class=\"fa fa-angle-right\"><\/span>Educar Educaci\u00f3n Hol\u00edstica (2018)<\/label>\n      <ul class=\"group-list\">\n        <li><a href=\"#group-b11\">(2018) (52 p\u00e1ginas)<\/a><\/li>\n        <li><a href=\"#group-b11\">La Educaci\u00f3n ha sido la base en el desarrollo de las sociedades y de sus culturas, es el moldeamiento de\n          pensamientos y acciones de las personas\u2026, y de sus costumbres transmitidas generacionalmente. El peso de\n          la balanza, a favor de los que m\u00e1s tienen, han marcado las directrices tanto de logros obtenidos, como de la\n          desigualdad y la injusticia a lo largo de nuestra Historia. D\u00f3nde el factor Educativo... ha sido, y es; la Causa y\n          el Efecto de las relaciones sociales, de las producciones mercantiles, y de los avatares econ\u00f3micos impuestos.<br>\n          \u00a1Necesitamos un Nuevo Paradigma Educativo, Productivo y Social!<\/a><\/li>\n        <li><a href=\"https:\/\/dl.rie.education\/REI\/Victor\/(2) LIBROS RIE-VARIOS WEB-IMPRESI\u00d3N\/Libro Educar Educaci\u00f3n Hol\u00edstica (2018)\/Libro Educar con Educaci\u00f3n Hol\u00edstica Web.pdf\">Ver libro<\/a><\/li>\n      <\/ul>\n    <\/li>\n    <li>\n      <input id=\"group-b12\" type=\"checkbox\" hidden \/>\n      <label for=\"group-b12\"><span class=\"fa fa-angle-right\"><\/span>Felicidadismo (2022)<\/label>\n      <ul class=\"group-list\">\n        <li><a href=\"#group-b12\">(2022) (160 p\u00e1ginas)<\/a><\/li>\n        <li><a href=\"#group-b12\">La Felicidad es plena al considerarnos entrelazados a una red de vida, donde el Somos Uno, es toda\n          expresi\u00f3n que late desde la interconexi\u00f3n universal\u2026 Sean sentimientos o acciones acontecidas en el\n          pasado, hace unos minutos o hace miles de a\u00f1os\u2026 El presente se plasma en todo ideario colectivo sea\n          humano, animal, planta, naturaleza, materia gaseosa, liquida o s\u00f3lida. As\u00ed, desde lo micro hasta lo macro:\n          somos \u00e1tomos c\u00f3smicos conectando ritmos, alientos y pulsaciones regidas por la ley natural AMOR\u2026 Por\n          ello unifiqu\u00e9monos en una tribu o raza humana de alma inteligente.<\/a><\/li>\n        <li><a href=\"https:\/\/dl.rie.education\/REI\/Victor\/(2) LIBROS RIE-VARIOS WEB-IMPRESI\u00d3N\/Libro Felicidadismo (2022)\/Libro Felicidad-ismo Web.pdf\">Ver libro<\/a><\/li>\n      <\/ul>\n    <\/li>\n    <li>\n      <input id=\"group-b13\" type=\"checkbox\" hidden \/>\n      <label for=\"group-b13\"><span class=\"fa fa-angle-right\"><\/span>Fin y Principio del Ciclo (2023)<\/label>\n      <ul class=\"group-list\">\n        <li><a href=\"#group-b13\">(2023) (152 p\u00e1ginas)<\/a><\/li>\n        <li><a href=\"#group-b13\">Durante milenios la sangre, el sudor y el sufrimiento humano, han suscrito el anhelo de finalizar este ciclo\n          cruel y obscuro... Pero a\u00fan continuamos empantanados en el intento, ya que la ignorancia, el miedo y la\n          maldad, existir\u00edan arraigados en el ADN generacional... Tal vez sea por la tradici\u00f3n beligerante. O quiz\u00e1s por\n          el designio al juicio final celestial\u2026 Acaso sea por el poder y el privilegio de la supremac\u00eda\u2026 No se descarta\n          que medien los cauces de la indiferencia o la xenofobia programada\u2026 Evidentemente todo ello se deriva del\n          factor Educativo, que forma e instruye para que el objetivo sea comerciar con la vida y la dignidad, la nuestra\n          y la del pr\u00f3jimo\u2026 \u00bfY si la finalidad de la existencia humana y el prop\u00f3sito de vida, fuera para evolucionar\n          como especie inteligente? \u00a1Por ello nos corresponde crear y establecer el ciclo de luminiscencia! \u00bfLo\n          lograremos unific\u00e1ndonos para consolidar una Educaci\u00f3n Hol\u00edstica, y rigi\u00e9ndonos por la ley del amor\n          incondicional?<\/a><\/li>\n        <li><a href=\"https:\/\/dl.rie.education\/REI\/Victor\/(2) LIBROS RIE-VARIOS WEB-IMPRESI\u00d3N\/Libro Fin y Principio del Ciclo (2023)\/Libro Fin y Principio del Ciclo Web Impresi\u00f3n.pdf\">Ver libro<\/a><\/li>\n      <\/ul>\n    <\/li>\n    <li>\n      <input id=\"group-b1\" type=\"checkbox\" hidden \/>\n      <label for=\"group-b1\"><span class=\"fa fa-angle-right\"><\/span>Guerra de Amor (2012)<\/label>\n      <ul class=\"group-list\">\n        <li><a href=\"#group-b1\">(2012) (84 p\u00e1ginas)<\/a><\/li>\n        <li><a href=\"#group-b1\">Guerra de Amor es ir hacia el reencuentro de la irradiaci\u00f3n del conocimiento en una\/o mismo\/a. \u00a1Re\n    evolucionemos! \u00bfPodemos cambiar el mundo? S\u00ed, se cambia al instante que nace nueva vida. \u00a1Cuidemos y\n    desarrollemos su luz!<\/a><\/li>\n        <li><a href=\"https:\/\/dl.rie.education\/REI\/Victor\/(2) LIBROS RIE-VARIOS WEB-IMPRESI\u00d3N\/Libro Guerra de Amor (2012)\/Libro Guerra de Amor. Web (14-02-12).pdf\">Ver libro<\/a><\/li>\n      <\/ul>\n    <\/li>\n    <li>\n      <input id=\"group-b7\" type=\"checkbox\" hidden \/>\n      <label for=\"group-b7\"><span class=\"fa fa-angle-right\"><\/span>Imagina (2016) Febrero<\/label>\n      <ul class=\"group-list\">\n        <li><a href=\"#group-b7\">(2016) (80 p\u00e1ginas)<\/a><\/li>\n        <li><a href=\"#group-b7\">Imaginemos la Re evoluci\u00f3n Internacional Educativa, para que evolucionemos con paz y amor, deslig\u00e1ndonos\n          de los episodios de sangre y guerras\u2026 Por ello imagina; son 35 textos escritos con soplos y gotas de vida. Son\n          c\u00f3mo me imaginar\u00eda la historia relatada entre pinceladas creativas.<br>\n          Engrandezcamos la inspiraci\u00f3n y la pr\u00e1ctica de la Vida es Bella.<\/a><\/li>\n        <li><a href=\"https:\/\/dl.rie.education\/REI\/Victor\/(2) LIBROS RIE-VARIOS WEB-IMPRESI\u00d3N\/Libro Imagina (2016) Febrero\/Libro Imagina Web.pdf\">Ver libro<\/a><\/li>\n      <\/ul>\n    <\/li>\n    <li>\n      <input id=\"group-b16\" type=\"checkbox\" hidden \/>\n      <label for=\"group-b16\"><span class=\"fa fa-angle-right\"><\/span>Or\u00edgenes Ofelio- (2020)<\/label>\n      <ul class=\"group-list\">\n        <li><a href=\"#group-b16\">Ofelia. (2019) (40 p\u00e1ginas)<\/a><\/li>\n        <li><a href=\"#group-b16\">Aunque a\u00fan sea una gran inc\u00f3gnita qui\u00e9n Origino la creaci\u00f3n suprema, tanto de las estrellas, como la de\n          los \u00e1tomos de la vida. Nuestras interpretaciones personales han sido la gu\u00eda del influjo Evolutivo y\n          Generacional. D\u00e1ndole existencia a los perfiles de nuestra innovadora imaginaci\u00f3n. Algunos se crean\n          aprendiendo al leer, o, al escribir, otros, al observar y al escuchar los ritmos de las se\u00f1ales humanas, y los\n          m\u00e1s, por las realidades de las experiencias adquiridas a\u00f1o a a\u00f1o. Plasm\u00e1ndolas en el imaginario colectivo, a\n          trav\u00e9s de Arte, Esfuerzo y Conocimiento\u2026 Ah\u00ed d\u00f3nde todo Origen tiene un \u00bfpor qu\u00e9? despu\u00e9s de haber\n          analizado y definido el \u00bfpara qu\u00e9? en toda pregunta y respuesta presente.<\/a><\/li>\n        <li><a href=\"https:\/\/dl.rie.education\/REI\/Victor\/(2) LIBROS RIE-VARIOS WEB-IMPRESI\u00d3N\/Libro Or\u00edgenes Ofelio- (2020)\/2020 Libro Or\u00edgenes Web Definitivo.pdf\">Ver libro<\/a><\/li>\n      <\/ul>\n    <\/li>\n    <li>\n      <input id=\"group-b8\" type=\"checkbox\" hidden \/>\n      <label for=\"group-b8\"><span class=\"fa fa-angle-right\"><\/span>P de Equi. M B 1 2 3 (2016) Octubre<\/label>\n      <ul class=\"group-list\">\n        <li><a href=\"#group-b8\">(2016)<\/a><\/li>\n        <li><a href=\"#group-b8\">Evolucionemos educacionalmente con el fin de elevar los di\u00e1logos internos al nivel de comprensi\u00f3n de la\n          coexistencia mutua y universal. Hacia el soy y somos Uno, donde todas estamos entrelazadas por energ\u00eda\n          electromagn\u00e9tica a los latidos y respiraci\u00f3n de todo ser vivo, desde el \u00e1tomo hasta la galaxia. Ah\u00ed donde las\n          utop\u00edas, la ignorancia y el miedo se desvanecen\u2026 (Cuatro Vol\u00famenes).<br>\n          (0) Propulsemos el Punto de Equilibrio. (8 p\u00e1ginas)<br>\n          (1) Equilibrio Educativo. (20 p\u00e1ginas)<br>\n          (2) Equilibrio con Energ\u00eda Libre. (32 p\u00e1ginas)<br>\n          (3) Equilibrio por Econom\u00eda Verde y Social. (20 p\u00e1ginas)<\/a><\/li>\n        <li><a href=\"https:\/\/dl.rie.education\/REI\/Victor\/(2) LIBROS RIE-VARIOS WEB-IMPRESI\u00d3N\/Libro P de Equi. M B%20 1%20%20 2%20%20 3 (2016) Octubre\/Libro Punto de Equilibrio Web.pdf\">Ver libro<\/a><\/li>\n      <\/ul>\n    <\/li>\n    <li>\n      <input id=\"group-b2\" type=\"checkbox\" hidden \/>\n      <label for=\"group-b2\"><span class=\"fa fa-angle-right\"><\/span>Primero (2015) Mayo<\/label>\n      <ul class=\"group-list\">\n        <li><a href=\"#group-b2\">(2015) (64 p\u00e1ginas)<\/a><\/li>\n        <li><a href=\"#group-b2\">Cueste lo que cueste somos int\u00e9rpretes de una f\u00e9rrea competencia con tal de obtener el t\u00edtulo de Primero.\n    As\u00ed lo demuestran los protagonistas de esta obra literaria-teatral Dejando registradas sus apasionantes\n    argumentar\u00edas, al fin de alcanzar la anhelada meta\u2026 Relev\u00e1ndose entre s\u00ed; el Deportista; el Cient\u00edfico; el\n    Maestro; el Doctor; el Industrial, el Comerciante; el Artista; el Campesino; el Obrero; el Juez; el Obispo; el\n    Soldado; y culminar con el General-Mon\u00e1rquico\u2026 Un final autoritario, que es truncado por la presencia de\n    la Mujer, que nos contar\u00e1 otro cuento personal-familiar para dejar plasmada la importancia de su mensaje;\n    la apremiante Unidad Humana entorno a la Educaci\u00f3n.<\/a><\/li>\n        <li><a href=\"https:\/\/dl.rie.education\/REI\/Victor\/(2) LIBROS RIE-VARIOS WEB-IMPRESI\u00d3N\/Libro Primero (2015) Mayo\/Libro Primero Web.pdf\">Ver libro<\/a><\/li>\n      <\/ul>\n    <\/li>\n    <li>\n      <input id=\"group-b10\" type=\"checkbox\" hidden \/>\n      <label for=\"group-b10\"><span class=\"fa fa-angle-right\"><\/span>Re Evoluci\u00f3n \u00a1Ya! (2017)<\/label>\n      <ul class=\"group-list\">\n        <li><a href=\"#group-b10\">(2017) (36 p\u00e1ginas)<\/a><\/li>\n        <li><a href=\"#group-b10\">La Verdad y el Amor. Deber\u00edan Gobernar el Mundo... Depende de cada una\/o y desde su interior, edificar\n          hacia lo transpersonal acopl\u00e1ndonos sin m\u00e1s l\u00edmites ni fronteras y m\u00e1s all\u00e1 de la participaci\u00f3n del Estado y\n          de Dios: Nuestra Evoluci\u00f3n est\u00e1 secuestrada y eclipsada, por las minor\u00edas que alcanzaron el poder\u00edo desde\n          la idolatr\u00eda del Reino del Veneno, engendrando as\u00ed su realidad privilegiada; elevando ese mal, con cuentos\n          de mandamientos entre el bien y el mal a sus lacayos y esclavos.<\/a><\/li>\n        <li><a href=\"https:\/\/dl.rie.education\/REI\/Victor\/(2) LIBROS RIE-VARIOS WEB-IMPRESI\u00d3N\/Libro Re Evoluci\u00f3n \u00a1Ya! (2017)\/Libro Re Evoluci\u00f3n \u00a1Ya!.pdf\">Ver libro<\/a><\/li>\n      <\/ul>\n    <\/li>\n    <li>\n      <input id=\"group-b9\" type=\"checkbox\" hidden \/>\n      <label for=\"group-b9\"><span class=\"fa fa-angle-right\"><\/span>Setenta veces siete (2016) Julio<\/label>\n      <ul class=\"group-list\">\n        <li><a href=\"#group-b9\">(2016-2017) (84 p\u00e1ginas)<\/a><\/li>\n        <li><a href=\"#group-b9\">Setenta y siete p\u00e1ginas con p\u00e1rrafos de siete l\u00edneas, que reinterpretar\u00e1n el transcurso de la Historia\n          Humana, fr\u00eda y hostil. Concluyendo con el despertar de conciencias, para construir con Educaci\u00f3n Hol\u00edstica\u2026\n          un mundo mejor. \u00bfC\u00f3mo alcanzar la equidad m\u00e1s all\u00e1 de la identidad legal? \u00a1Con Educaci\u00f3n y Decrecimiento\n          de la explotaci\u00f3n masiva y armamentista! Porque el desarrollo hist\u00f3rico esta plagiado de poder\u00edos basados\n          en las Mentiras fundadas como Verdaderas, entre las interpretaciones humanas de: Dios. Creaci\u00f3n. Historia.\n          Mujer. Trabajo. Amor y la Luz... Desc\u00fabrelas con otra interpretaci\u00f3n de la evoluci\u00f3n humana.<\/a><\/li>\n        <li><a href=\"https:\/\/dl.rie.education\/REI\/Victor\/(2) LIBROS RIE-VARIOS WEB-IMPRESI\u00d3N\/Libro Setenta veces siete (2016) Julio\/LIbro 70 veces 7- impresi\u00f3n- Web- Definitivo.pdf\">Ver libro<\/a><\/li>\n      <\/ul>\n    <\/li>\n    <li>\n      <input id=\"group-b17\" type=\"checkbox\" hidden \/>\n      <label for=\"group-b17\"><span class=\"fa fa-angle-right\"><\/span>Sue\u00f1os de Cuarentena (2020)<\/label>\n      <ul class=\"group-list\">\n        <li><a href=\"#group-b17\">(2020) (98 p\u00e1ginas)<\/a><\/li>\n        <li><a href=\"#group-b17\">Desde los diez y seis a\u00f1os he decidido experimentar los caminos adictivos, ya sea para disfrutar de los\n          placeres exteriores, o, para anular la inseguridad del interior. Estando mis registros personales en el poder\n          de los vicios... Y hasta los sesenta y dos a\u00f1os una pandemia global fue la que me orill\u00f3 a confrontarme\n          conmigo mismo y rehabilitarme. Y a su vez examinar el tiempo valioso, puro y libre\u2026 Por lo cual, desde ese\n          proceso de descontaminaci\u00f3n describo los sue\u00f1os acontecidos en la cuarentena del dos mil veinte.<\/a><\/li>\n        <li><a href=\"https:\/\/dl.rie.education\/REI\/Victor\/(2) LIBROS RIE-VARIOS WEB-IMPRESI\u00d3N\/Libro Sue\u00f1os de Cuarentena (2020)\/Libro Sue\u00f1os de cuarentena Web.pdf\">Ver libro<\/a><\/li>\n      <\/ul>\n    <\/li>\n    <li>\n      <input id=\"group-b15\" type=\"checkbox\" hidden \/>\n      <label for=\"group-b15\"><span class=\"fa fa-angle-right\"><\/span>2 en 1: Yo soy igual que t\u00fa | Inicios de Poder<\/label>\n      <ul class=\"group-list\">\n        <li><a href=\"#group-b15\">Yo soy igual que t\u00fa (2015) (17 p\u00e1ginas) <br> Inicios de Poder (7 p\u00e1ginas)<\/a><\/li>\n        <li><a href=\"#group-b15\">Dirigida al alma pura, de la inocencia, y al alma de los seres libres; Y S = Q T. 1 \u2013 13... Es un Cuento teatral,\n          o video cort\u00f3 infantil musical did\u00e1ctico, con un mensaje de uni\u00f3n, entre los seres que habitamos este punto\n          de tierra, con agua, aire, y vida. Entrelazada en la espiral del espacio Universal\u2026 Donde los sentidos y el\n          cuerpo humano, son los protagonistas del cuento que lo desarrollan con la coparticipaci\u00f3n de los\n          espectadores, entre, juegos, bailes, \u00e9tica y cierto sentido en com\u00fan, en el concepto de Somos unidad.\n          <strong>Inicios de Poder<\/strong> es el guion de un video corto. Acaecido en \u00e9poca prehist\u00f3rica, d\u00f3nde un Recolector y un\n          Cazador se enfrentan a una lucha a muerte con el fin de poseer un territorio paradisiaco. Al pasar los a\u00f1os\n          el vencedor tendr\u00e1 que luchar nuevamente para defender su morada natural. Aqu\u00ed inicia la evoluci\u00f3n de las\n          armas y de las guerras por la propiedad\u2026<\/a><\/li>\n        <li><a href=\"https:\/\/dl.rie.education\/REI\/Victor\/(2) LIBROS RIE-VARIOS WEB-IMPRESI\u00d3N\/Libro YS%3DQT (2015) Junio\/Libro YS%3DQT-2015 Web.pdf\">Ver libro<\/a><\/li>\n      <\/ul>\n    <\/li>\n  <\/ul>\n<\/nav>\t\t<\/div>\n\t\t\t\t<\/div>\n\t\t\t\t\t<\/div>\n\t\t\t\t<\/div>\n\t\t\t\t\t<\/div>\n\t\t\t\t<\/div>\n\t\t\t\t<\/div>\n\t\t","protected":false},"excerpt":{"rendered":"<p>Libros 4 LIBROS EN UN TOMO (1) Dialogo Interior (40 p\u00e1ginas) Este es un ensayo que brota por el instinto animal, intelectual e Universal, y que subraya a la indignaci\u00f3n; la que se rebela a valores creados y desarrollados por rapaces causantes de p\u00e1ginas plasmadas con sangre. Y nace de la uni\u00f3n de la mente&#8230;<\/p>\n","protected":false},"author":1,"featured_media":0,"parent":0,"menu_order":0,"comment_status":"closed","ping_status":"closed","template":"","meta":{"footnotes":""},"class_list":["post-214","page","type-page","status-publish","hentry"],"_links":{"self":[{"href":"https:\/\/rie.education\/index.php?rest_route=\/wp\/v2\/pages\/214","targetHints":{"allow":["GET"]}}],"collection":[{"href":"https:\/\/rie.education\/index.php?rest_route=\/wp\/v2\/pages"}],"about":[{"href":"https:\/\/rie.education\/index.php?rest_route=\/wp\/v2\/types\/page"}],"author":[{"embeddable":true,"href":"https:\/\/rie.education\/index.php?rest_route=\/wp\/v2\/users\/1"}],"replies":[{"embeddable":true,"href":"https:\/\/rie.education\/index.php?rest_route=%2Fwp%2Fv2%2Fcomments&post=214"}],"version-history":[{"count":42,"href":"https:\/\/rie.education\/index.php?rest_route=\/wp\/v2\/pages\/214\/revisions"}],"predecessor-version":[{"id":503,"href":"https:\/\/rie.education\/index.php?rest_route=\/wp\/v2\/pages\/214\/revisions\/503"}],"wp:attachment":[{"href":"https:\/\/rie.education\/index.php?rest_route=%2Fwp%2Fv2%2Fmedia&parent=214"}],"curies":[{"name":"wp","href":"https:\/\/api.w.org\/{rel}","templated":true}]}}